{"id":329,"date":"2025-04-07T16:59:25","date_gmt":"2025-04-07T16:59:25","guid":{"rendered":"https:\/\/guerrasoffit.com\/?page_id=329"},"modified":"2025-05-03T00:23:59","modified_gmt":"2025-05-03T00:23:59","slug":"booking","status":"publish","type":"page","link":"https:\/\/guerrasoffit.com\/en\/booking\/","title":{"rendered":"Booking"},"content":{"rendered":"<div data-elementor-type=\"wp-page\" data-elementor-id=\"329\" class=\"elementor elementor-329\" data-elementor-post-type=\"page\">\n\t\t\t\t\t\t<section class=\"elementor-section elementor-top-section elementor-element elementor-element-8709b5f elementor-section-boxed elementor-section-height-default elementor-section-height-default\" data-id=\"8709b5f\" data-element_type=\"section\" data-settings=\"{&quot;background_background&quot;:&quot;classic&quot;,&quot;shape_divider_bottom&quot;:&quot;triangle&quot;}\">\n\t\t\t\t\t\t\t<div class=\"elementor-background-overlay\"><\/div>\n\t\t\t\t\t\t<div class=\"elementor-shape elementor-shape-bottom\" aria-hidden=\"true\" data-negative=\"false\">\n\t\t\t<svg xmlns=\"http:\/\/www.w3.org\/2000\/svg\" viewbox=\"0 0 1000 100\" preserveaspectratio=\"none\">\n\t<path class=\"elementor-shape-fill\" d=\"M500,98.9L0,6.1V0h1000v6.1L500,98.9z\"\/>\n<\/svg>\t\t<\/div>\n\t\t\t\t\t<div class=\"elementor-container elementor-column-gap-no\">\n\t\t\t\t\t<div class=\"elementor-column elementor-col-100 elementor-top-column elementor-element elementor-element-b242863\" data-id=\"b242863\" data-element_type=\"column\">\n\t\t\t<div class=\"elementor-widget-wrap elementor-element-populated\">\n\t\t\t\t\t\t<div class=\"elementor-element elementor-element-3ab2bc1 elementor-icon-list--layout-inline elementor-align-left elementor-mobile-align-center elementor-tablet-align-center elementor-list-item-link-full_width elementor-widget elementor-widget-icon-list\" data-id=\"3ab2bc1\" data-element_type=\"widget\" data-widget_type=\"icon-list.default\">\n\t\t\t\t<div class=\"elementor-widget-container\">\n\t\t\t\t\t\t\t<ul class=\"elementor-icon-list-items elementor-inline-items\">\n\t\t\t\t\t\t\t<li class=\"elementor-icon-list-item elementor-inline-item\">\n\t\t\t\t\t\t\t\t\t\t\t<span class=\"elementor-icon-list-icon\">\n\t\t\t\t\t\t\t<i aria-hidden=\"true\" class=\"fas fa-square-full\"><\/i>\t\t\t\t\t\t<\/span>\n\t\t\t\t\t\t\t\t\t\t<span class=\"elementor-icon-list-text\">Beautify and Protect Your Home in Orlando, Florida<\/span>\n\t\t\t\t\t\t\t\t\t<\/li>\n\t\t\t\t\t\t<\/ul>\n\t\t\t\t\t\t<\/div>\n\t\t\t\t<\/div>\n\t\t\t\t<div class=\"elementor-element elementor-element-904dde3 elementor-headline--style-highlight elementor-widget elementor-widget-animated-headline\" data-id=\"904dde3\" data-element_type=\"widget\" data-settings=\"{&quot;marker&quot;:&quot;underline&quot;,&quot;highlighted_text&quot;:&quot;Ahora&quot;,&quot;highlight_animation_duration&quot;:2500,&quot;headline_style&quot;:&quot;highlight&quot;}\" data-widget_type=\"animated-headline.default\">\n\t\t\t\t<div class=\"elementor-widget-container\">\n\t\t\t\t\t\t\t<h1 class=\"elementor-headline\">\n\t\t\t\t\t<span class=\"elementor-headline-plain-text elementor-headline-text-wrapper\">Schedule Your<\/span>\n\t\t\t\t<span class=\"elementor-headline-dynamic-wrapper elementor-headline-text-wrapper\">\n\t\t\t\t\t<span class=\"elementor-headline-dynamic-text elementor-headline-text-active\">Appointment Now<\/span>\n\t\t\t\t<\/span>\n\t\t\t\t<\/h1>\n\t\t\t\t\t\t<\/div>\n\t\t\t\t<\/div>\n\t\t\t\t<div class=\"elementor-element elementor-element-cfb864c elementor-widget elementor-widget-heading\" data-id=\"cfb864c\" data-element_type=\"widget\" data-widget_type=\"heading.default\">\n\t\t\t\t<div class=\"elementor-widget-container\">\n\t\t\t\t\t<p class=\"elementor-heading-title elementor-size-default\">Soffit and gutter installation and repair in Orlando, Florida. We offer long-lasting solutions using high-quality materials.<\/p>\t\t\t\t<\/div>\n\t\t\t\t<\/div>\n\t\t\t\t\t<\/div>\n\t\t<\/div>\n\t\t\t\t\t<\/div>\n\t\t<\/section>\n\t\t<div class=\"elementor-element elementor-element-6be7aa7 e-flex e-con-boxed e-con e-parent\" data-id=\"6be7aa7\" data-element_type=\"container\">\n\t\t\t\t\t<div class=\"e-con-inner\">\n\t\t<div class=\"elementor-element elementor-element-2b4afac e-con-full e-flex e-con e-child\" data-id=\"2b4afac\" data-element_type=\"container\">\n\t\t\t\t<div class=\"elementor-element elementor-element-7242e0b elementor-widget elementor-widget-heading\" data-id=\"7242e0b\" data-element_type=\"widget\" data-widget_type=\"heading.default\">\n\t\t\t\t<div class=\"elementor-widget-container\">\n\t\t\t\t\t<h2 class=\"elementor-heading-title elementor-size-default\">Soffit and Gutter Services in <span style=\"color:#FFD700\">Orlando, Florida<\/span> \u2013 Leave us your address and phone number so we can visit you.<\/h2>\t\t\t\t<\/div>\n\t\t\t\t<\/div>\n\t\t\t\t<div class=\"elementor-element elementor-element-e74c329 elementor-widget elementor-widget-html\" data-id=\"e74c329\" data-element_type=\"widget\" data-widget_type=\"html.default\">\n\t\t\t\t<div class=\"elementor-widget-container\">\n\t\t\t\t\t<!-- Calendly inline widget begin -->\r\n<div class=\"calendly-inline-widget\" data-url=\"https:\/\/calendly.com\/admin-guerrasoffit\/30min?hide_gdpr_banner=1&background_color=171817&text_color=ffffff&primary_color=f7c712\" style=\"min-width:320px;height:700px;\"><\/div>\r\n<script type=\"text\/javascript\" src=\"https:\/\/assets.calendly.com\/assets\/external\/widget.js\" async><\/script>\r\n<!-- Calendly inline widget end -->\t\t\t\t<\/div>\n\t\t\t\t<\/div>\n\t\t\t\t<\/div>\n\t\t\t\t\t<\/div>\n\t\t\t\t<\/div>\n\t\t<div class=\"elementor-element elementor-element-16ff0bb e-grid e-con-boxed elementor-invisible e-con e-parent\" data-id=\"16ff0bb\" data-element_type=\"container\" data-settings=\"{&quot;animation&quot;:&quot;slideInUp&quot;}\">\n\t\t\t\t\t<div class=\"e-con-inner\">\n\t\t<div class=\"elementor-element elementor-element-1906920 e-con-full e-flex e-con e-child\" data-id=\"1906920\" data-element_type=\"container\">\n\t\t\t\t<div class=\"elementor-element elementor-element-92689f3 elementor-view-stacked elementor-shape-square elementor-position-top elementor-mobile-position-top elementor-widget elementor-widget-icon-box\" data-id=\"92689f3\" data-element_type=\"widget\" data-widget_type=\"icon-box.default\">\n\t\t\t\t<div class=\"elementor-widget-container\">\n\t\t\t\t\t\t\t<div class=\"elementor-icon-box-wrapper\">\n\n\t\t\t\t\t\t<div class=\"elementor-icon-box-icon\">\n\t\t\t\t<span  class=\"elementor-icon\">\n\t\t\t\t<i aria-hidden=\"true\" class=\"fas fa-phone\"><\/i>\t\t\t\t<\/span>\n\t\t\t<\/div>\n\t\t\t\n\t\t\t\t\t\t<div class=\"elementor-icon-box-content\">\n\n\t\t\t\t\t\t\t\t\t<div class=\"elementor-icon-box-title\">\n\t\t\t\t\t\t<span  >\n\t\t\t\t\t\t\t+1 (689) 233 5599\t\t\t\t\t\t<\/span>\n\t\t\t\t\t<\/div>\n\t\t\t\t\n\t\t\t\t\t\t\t\t\t<p class=\"elementor-icon-box-description\">\n\t\t\t\t\t\tPhone\t\t\t\t\t<\/p>\n\t\t\t\t\n\t\t\t<\/div>\n\t\t\t\n\t\t<\/div>\n\t\t\t\t\t\t<\/div>\n\t\t\t\t<\/div>\n\t\t\t\t<\/div>\n\t\t<div class=\"elementor-element elementor-element-e9661ac e-con-full e-flex e-con e-child\" data-id=\"e9661ac\" data-element_type=\"container\">\n\t\t\t\t<div class=\"elementor-element elementor-element-3df4388 elementor-view-stacked elementor-shape-square elementor-position-top elementor-mobile-position-top elementor-widget elementor-widget-icon-box\" data-id=\"3df4388\" data-element_type=\"widget\" data-widget_type=\"icon-box.default\">\n\t\t\t\t<div class=\"elementor-widget-container\">\n\t\t\t\t\t\t\t<div class=\"elementor-icon-box-wrapper\">\n\n\t\t\t\t\t\t<div class=\"elementor-icon-box-icon\">\n\t\t\t\t<span  class=\"elementor-icon\">\n\t\t\t\t<i aria-hidden=\"true\" class=\"fas fa-map-marker-alt\"><\/i>\t\t\t\t<\/span>\n\t\t\t<\/div>\n\t\t\t\n\t\t\t\t\t\t<div class=\"elementor-icon-box-content\">\n\n\t\t\t\t\t\t\t\t\t<div class=\"elementor-icon-box-title\">\n\t\t\t\t\t\t<span  >\n\t\t\t\t\t\t\tOrlando, Florida, EE.UU.\t\t\t\t\t\t<\/span>\n\t\t\t\t\t<\/div>\n\t\t\t\t\n\t\t\t\t\t\t\t\t\t<p class=\"elementor-icon-box-description\">\n\t\t\t\t\t\tAddress\t\t\t\t\t<\/p>\n\t\t\t\t\n\t\t\t<\/div>\n\t\t\t\n\t\t<\/div>\n\t\t\t\t\t\t<\/div>\n\t\t\t\t<\/div>\n\t\t\t\t<\/div>\n\t\t<div class=\"elementor-element elementor-element-fb8b9e5 e-con-full e-flex e-con e-child\" data-id=\"fb8b9e5\" data-element_type=\"container\">\n\t\t\t\t<div class=\"elementor-element elementor-element-dd0d543 elementor-view-stacked elementor-shape-square elementor-position-top elementor-mobile-position-top elementor-widget elementor-widget-icon-box\" data-id=\"dd0d543\" data-element_type=\"widget\" data-widget_type=\"icon-box.default\">\n\t\t\t\t<div class=\"elementor-widget-container\">\n\t\t\t\t\t\t\t<div class=\"elementor-icon-box-wrapper\">\n\n\t\t\t\t\t\t<div class=\"elementor-icon-box-icon\">\n\t\t\t\t<span  class=\"elementor-icon\">\n\t\t\t\t<i aria-hidden=\"true\" class=\"fas fa-envelope\"><\/i>\t\t\t\t<\/span>\n\t\t\t<\/div>\n\t\t\t\n\t\t\t\t\t\t<div class=\"elementor-icon-box-content\">\n\n\t\t\t\t\t\t\t\t\t<div class=\"elementor-icon-box-title\">\n\t\t\t\t\t\t<span  >\n\t\t\t\t\t\t\tguerrasoffit@gmail.com\t\t\t\t\t\t<\/span>\n\t\t\t\t\t<\/div>\n\t\t\t\t\n\t\t\t\t\t\t\t\t\t<p class=\"elementor-icon-box-description\">\n\t\t\t\t\t\tEmail\t\t\t\t\t<\/p>\n\t\t\t\t\n\t\t\t<\/div>\n\t\t\t\n\t\t<\/div>\n\t\t\t\t\t\t<\/div>\n\t\t\t\t<\/div>\n\t\t\t\t<\/div>\n\t\t\t\t\t<\/div>\n\t\t\t\t<\/div>\n\t\t\t\t<\/div>","protected":false},"excerpt":{"rendered":"<p>Protege y Embellece tu Hogar Agenda tu cita Ahora Instalaci\u00f3n y reparaci\u00f3n de soffit y gutters con materiales de alta calidad en Orlando, Florida y alrededores. Servicios de Soffit y Gutter en Orlando, Florida \u2013 D\u00e9janos tu direcci\u00f3n y tel\u00e9fono para visitarte. +1 (689) 233 5599 Phone Orlando, Florida, EE.UU. Address guerrasoffit@gmail.com Email<\/p>","protected":false},"author":1,"featured_media":0,"parent":0,"menu_order":0,"comment_status":"closed","ping_status":"closed","template":"","meta":{"footnotes":""},"class_list":["post-329","page","type-page","status-publish","hentry"],"yoast_head":"<!-- This site is optimized with the Yoast SEO plugin v25.0 - https:\/\/yoast.com\/wordpress\/plugins\/seo\/ -->\n<title>Booking &#8211; Guerra Soffit LLC<\/title>\n<meta name=\"description\" content=\"Encuentra consejos expertos, novedades y recomendaciones sobre instalaci\u00f3n y reparaci\u00f3n de soffit y gutters. Guerra Soffit LLC : experiencia y calidad en Florida.\" \/>\n<meta name=\"robots\" content=\"index, follow, max-snippet:-1, max-image-preview:large, max-video-preview:-1\" \/>\n<link rel=\"canonical\" href=\"https:\/\/guerrasoffit.com\/en\/booking\/\" \/>\n<meta property=\"og:locale\" content=\"en_US\" \/>\n<meta property=\"og:type\" content=\"article\" \/>\n<meta property=\"og:title\" content=\"Booking &#8211; Guerra Soffit LLC\" \/>\n<meta property=\"og:description\" content=\"Encuentra consejos expertos, novedades y recomendaciones sobre instalaci\u00f3n y reparaci\u00f3n de soffit y gutters. Guerra Soffit LLC : experiencia y calidad en Florida.\" \/>\n<meta property=\"og:url\" content=\"https:\/\/guerrasoffit.com\/en\/booking\/\" \/>\n<meta property=\"og:site_name\" content=\"Guerra Soffit LLC\" \/>\n<meta property=\"article:publisher\" content=\"https:\/\/www.facebook.com\/profile.php?id=61555442940705\" \/>\n<meta property=\"article:modified_time\" content=\"2025-05-03T00:23:59+00:00\" \/>\n<meta name=\"twitter:card\" content=\"summary_large_image\" \/>\n<meta name=\"twitter:label1\" content=\"Est. reading time\" \/>\n\t<meta name=\"twitter:data1\" content=\"1 minute\" \/>\n<script type=\"application\/ld+json\" class=\"yoast-schema-graph\">{\"@context\":\"https:\/\/schema.org\",\"@graph\":[{\"@type\":\"WebPage\",\"@id\":\"https:\/\/guerrasoffit.com\/booking\/\",\"url\":\"https:\/\/guerrasoffit.com\/booking\/\",\"name\":\"Booking &#8211; Guerra Soffit LLC\",\"isPartOf\":{\"@id\":\"https:\/\/guerrasoffit.com\/#website\"},\"datePublished\":\"2025-04-07T16:59:25+00:00\",\"dateModified\":\"2025-05-03T00:23:59+00:00\",\"description\":\"Encuentra consejos expertos, novedades y recomendaciones sobre instalaci\u00f3n y reparaci\u00f3n de soffit y gutters. Guerra Soffit LLC : experiencia y calidad en Florida.\",\"breadcrumb\":{\"@id\":\"https:\/\/guerrasoffit.com\/booking\/#breadcrumb\"},\"inLanguage\":\"en-US\",\"potentialAction\":[{\"@type\":\"ReadAction\",\"target\":[\"https:\/\/guerrasoffit.com\/booking\/\"]}]},{\"@type\":\"BreadcrumbList\",\"@id\":\"https:\/\/guerrasoffit.com\/booking\/#breadcrumb\",\"itemListElement\":[{\"@type\":\"ListItem\",\"position\":1,\"name\":\"Home\",\"item\":\"https:\/\/guerrasoffit.com\/\"},{\"@type\":\"ListItem\",\"position\":2,\"name\":\"Booking\"}]},{\"@type\":\"WebSite\",\"@id\":\"https:\/\/guerrasoffit.com\/#website\",\"url\":\"https:\/\/guerrasoffit.com\/\",\"name\":\"Guerra Soffit LLC\",\"description\":\"\",\"publisher\":{\"@id\":\"https:\/\/guerrasoffit.com\/#organization\"},\"potentialAction\":[{\"@type\":\"SearchAction\",\"target\":{\"@type\":\"EntryPoint\",\"urlTemplate\":\"https:\/\/guerrasoffit.com\/?s={search_term_string}\"},\"query-input\":{\"@type\":\"PropertyValueSpecification\",\"valueRequired\":true,\"valueName\":\"search_term_string\"}}],\"inLanguage\":\"en-US\"},{\"@type\":\"Organization\",\"@id\":\"https:\/\/guerrasoffit.com\/#organization\",\"name\":\"Guerra Soffit LLC\",\"alternateName\":\"Soffit & Gutters Construction LLC\",\"url\":\"https:\/\/guerrasoffit.com\/\",\"logo\":{\"@type\":\"ImageObject\",\"inLanguage\":\"en-US\",\"@id\":\"https:\/\/guerrasoffit.com\/#\/schema\/logo\/image\/\",\"url\":\"https:\/\/guerrasoffit.com\/wp-content\/uploads\/2025\/03\/cropped-gueerasoffitwhite.png\",\"contentUrl\":\"https:\/\/guerrasoffit.com\/wp-content\/uploads\/2025\/03\/cropped-gueerasoffitwhite.png\",\"width\":512,\"height\":512,\"caption\":\"Guerra Soffit LLC\"},\"image\":{\"@id\":\"https:\/\/guerrasoffit.com\/#\/schema\/logo\/image\/\"},\"sameAs\":[\"https:\/\/www.facebook.com\/profile.php?id=61555442940705\",\"https:\/\/wa.me\/14074531389\"]}]}<\/script>\n<!-- \/ Yoast SEO plugin. -->","yoast_head_json":{"title":"Booking &#8211; Guerra Soffit LLC","description":"Encuentra consejos expertos, novedades y recomendaciones sobre instalaci\u00f3n y reparaci\u00f3n de soffit y gutters. Guerra Soffit LLC : experiencia y calidad en Florida.","robots":{"index":"index","follow":"follow","max-snippet":"max-snippet:-1","max-image-preview":"max-image-preview:large","max-video-preview":"max-video-preview:-1"},"canonical":"https:\/\/guerrasoffit.com\/en\/booking\/","og_locale":"en_US","og_type":"article","og_title":"Booking &#8211; Guerra Soffit LLC","og_description":"Encuentra consejos expertos, novedades y recomendaciones sobre instalaci\u00f3n y reparaci\u00f3n de soffit y gutters. Guerra Soffit LLC : experiencia y calidad en Florida.","og_url":"https:\/\/guerrasoffit.com\/en\/booking\/","og_site_name":"Guerra Soffit LLC","article_publisher":"https:\/\/www.facebook.com\/profile.php?id=61555442940705","article_modified_time":"2025-05-03T00:23:59+00:00","twitter_card":"summary_large_image","twitter_misc":{"Est. reading time":"1 minute"},"schema":{"@context":"https:\/\/schema.org","@graph":[{"@type":"WebPage","@id":"https:\/\/guerrasoffit.com\/booking\/","url":"https:\/\/guerrasoffit.com\/booking\/","name":"Booking &#8211; Guerra Soffit LLC","isPartOf":{"@id":"https:\/\/guerrasoffit.com\/#website"},"datePublished":"2025-04-07T16:59:25+00:00","dateModified":"2025-05-03T00:23:59+00:00","description":"Encuentra consejos expertos, novedades y recomendaciones sobre instalaci\u00f3n y reparaci\u00f3n de soffit y gutters. Guerra Soffit LLC : experiencia y calidad en Florida.","breadcrumb":{"@id":"https:\/\/guerrasoffit.com\/booking\/#breadcrumb"},"inLanguage":"en-US","potentialAction":[{"@type":"ReadAction","target":["https:\/\/guerrasoffit.com\/booking\/"]}]},{"@type":"BreadcrumbList","@id":"https:\/\/guerrasoffit.com\/booking\/#breadcrumb","itemListElement":[{"@type":"ListItem","position":1,"name":"Home","item":"https:\/\/guerrasoffit.com\/"},{"@type":"ListItem","position":2,"name":"Booking"}]},{"@type":"WebSite","@id":"https:\/\/guerrasoffit.com\/#website","url":"https:\/\/guerrasoffit.com\/","name":"Guerra Soffit LLC","description":"","publisher":{"@id":"https:\/\/guerrasoffit.com\/#organization"},"potentialAction":[{"@type":"SearchAction","target":{"@type":"EntryPoint","urlTemplate":"https:\/\/guerrasoffit.com\/?s={search_term_string}"},"query-input":{"@type":"PropertyValueSpecification","valueRequired":true,"valueName":"search_term_string"}}],"inLanguage":"en-US"},{"@type":"Organization","@id":"https:\/\/guerrasoffit.com\/#organization","name":"Guerra Soffit LLC","alternateName":"Soffit & Gutters Construction LLC","url":"https:\/\/guerrasoffit.com\/","logo":{"@type":"ImageObject","inLanguage":"en-US","@id":"https:\/\/guerrasoffit.com\/#\/schema\/logo\/image\/","url":"https:\/\/guerrasoffit.com\/wp-content\/uploads\/2025\/03\/cropped-gueerasoffitwhite.png","contentUrl":"https:\/\/guerrasoffit.com\/wp-content\/uploads\/2025\/03\/cropped-gueerasoffitwhite.png","width":512,"height":512,"caption":"Guerra Soffit LLC"},"image":{"@id":"https:\/\/guerrasoffit.com\/#\/schema\/logo\/image\/"},"sameAs":["https:\/\/www.facebook.com\/profile.php?id=61555442940705","https:\/\/wa.me\/14074531389"]}]}},"_links":{"self":[{"href":"https:\/\/guerrasoffit.com\/en\/wp-json\/wp\/v2\/pages\/329","targetHints":{"allow":["GET"]}}],"collection":[{"href":"https:\/\/guerrasoffit.com\/en\/wp-json\/wp\/v2\/pages"}],"about":[{"href":"https:\/\/guerrasoffit.com\/en\/wp-json\/wp\/v2\/types\/page"}],"author":[{"embeddable":true,"href":"https:\/\/guerrasoffit.com\/en\/wp-json\/wp\/v2\/users\/1"}],"replies":[{"embeddable":true,"href":"https:\/\/guerrasoffit.com\/en\/wp-json\/wp\/v2\/comments?post=329"}],"version-history":[{"count":28,"href":"https:\/\/guerrasoffit.com\/en\/wp-json\/wp\/v2\/pages\/329\/revisions"}],"predecessor-version":[{"id":863,"href":"https:\/\/guerrasoffit.com\/en\/wp-json\/wp\/v2\/pages\/329\/revisions\/863"}],"wp:attachment":[{"href":"https:\/\/guerrasoffit.com\/en\/wp-json\/wp\/v2\/media?parent=329"}],"curies":[{"name":"wp","href":"https:\/\/api.w.org\/{rel}","templated":true}]}}